{"id":244,"date":"2023-04-17T19:18:00","date_gmt":"2023-04-17T19:18:00","guid":{"rendered":"https:\/\/fundacionredcolores.org\/?page_id=244"},"modified":"2023-04-19T19:28:46","modified_gmt":"2023-04-19T19:28:46","slug":"hojas-en-blanco","status":"publish","type":"page","link":"https:\/\/fundacionredcolores.org\/index.php\/hojas-en-blanco\/","title":{"rendered":"HOJAS EN BLANCO"},"content":{"rendered":"\t\t<div data-elementor-type=\"wp-page\" data-elementor-id=\"244\" class=\"elementor elementor-244\">\n\t\t\t\t\t\t<section class=\"elementor-section elementor-top-section elementor-element elementor-element-1b26453 elementor-section-height-min-height elementor-section-boxed elementor-section-height-default elementor-section-items-middle\" data-id=\"1b26453\" data-element_type=\"section\" data-settings=\"{&quot;background_background&quot;:&quot;gradient&quot;,&quot;mdp_selection_sticky_effect_enable&quot;:false}\">\n\t\t\t\t\t\t<div class=\"elementor-container elementor-column-gap-default\">\n\t\t\t\t\t<div class=\"elementor-column elementor-col-100 elementor-top-column elementor-element elementor-element-33d32823\" data-id=\"33d32823\" data-element_type=\"column\" data-settings=\"{&quot;background_background&quot;:&quot;classic&quot;,&quot;mdp_selection_sticky_column_effect_enable&quot;:false}\">\n\t\t\t<div class=\"elementor-widget-wrap elementor-element-populated\">\n\t\t\t\t\t\t<section class=\"elementor-section elementor-inner-section elementor-element elementor-element-796f9718 elementor-section-boxed elementor-section-height-default elementor-section-height-default\" data-id=\"796f9718\" data-element_type=\"section\" data-settings=\"{&quot;background_background&quot;:&quot;classic&quot;,&quot;mdp_selection_sticky_effect_enable&quot;:false}\">\n\t\t\t\t\t\t<div class=\"elementor-container elementor-column-gap-default\">\n\t\t\t\t\t<div class=\"elementor-column elementor-col-100 elementor-inner-column elementor-element elementor-element-6bb99a29\" data-id=\"6bb99a29\" data-element_type=\"column\" data-settings=\"{&quot;background_background&quot;:&quot;classic&quot;,&quot;mdp_selection_sticky_column_effect_enable&quot;:false}\">\n\t\t\t<div class=\"elementor-widget-wrap elementor-element-populated\">\n\t\t\t\t\t\t<div class=\"elementor-element elementor-element-d51a146 elementor-widget elementor-widget-heading\" data-id=\"d51a146\" data-element_type=\"widget\" data-widget_type=\"heading.default\">\n\t\t\t\t<div class=\"elementor-widget-container\">\n\t\t\t\t\t<h2 class=\"elementor-heading-title elementor-size-default\">HOJAS EN BLANCO<\/h2>\t\t\t\t<\/div>\n\t\t\t\t<\/div>\n\t\t\t\t\t<\/div>\n\t\t<\/div>\n\t\t\t\t\t<\/div>\n\t\t<\/section>\n\t\t\t\t\t<\/div>\n\t\t<\/div>\n\t\t\t\t\t<\/div>\n\t\t<\/section>\n\t\t\t\t<section class=\"elementor-section elementor-top-section elementor-element elementor-element-23dd40e8 elementor-reverse-tablet elementor-reverse-mobile elementor-section-boxed elementor-section-height-default elementor-section-height-default\" data-id=\"23dd40e8\" data-element_type=\"section\" data-settings=\"{&quot;background_background&quot;:&quot;gradient&quot;,&quot;mdp_selection_sticky_effect_enable&quot;:false}\">\n\t\t\t\t\t\t\t<div class=\"elementor-background-overlay\"><\/div>\n\t\t\t\t\t\t\t<div class=\"elementor-container elementor-column-gap-default\">\n\t\t\t\t\t<div class=\"elementor-column elementor-col-100 elementor-top-column elementor-element elementor-element-3aae77ba\" data-id=\"3aae77ba\" data-element_type=\"column\" data-settings=\"{&quot;mdp_selection_sticky_column_effect_enable&quot;:false}\">\n\t\t\t<div class=\"elementor-widget-wrap elementor-element-populated\">\n\t\t\t\t\t\t<section class=\"elementor-section elementor-inner-section elementor-element elementor-element-eeff89c elementor-section-boxed elementor-section-height-default elementor-section-height-default\" data-id=\"eeff89c\" data-element_type=\"section\" data-settings=\"{&quot;background_background&quot;:&quot;classic&quot;,&quot;mdp_selection_sticky_effect_enable&quot;:false}\">\n\t\t\t\t\t\t<div class=\"elementor-container elementor-column-gap-default\">\n\t\t\t\t\t<div class=\"elementor-column elementor-col-100 elementor-inner-column elementor-element elementor-element-28834ea7\" data-id=\"28834ea7\" data-element_type=\"column\" data-settings=\"{&quot;mdp_selection_sticky_column_effect_enable&quot;:false}\">\n\t\t\t<div class=\"elementor-widget-wrap elementor-element-populated\">\n\t\t\t\t\t\t<div class=\"elementor-element elementor-element-991ccb5 elementor-widget elementor-widget-heading\" data-id=\"991ccb5\" data-element_type=\"widget\" data-widget_type=\"heading.default\">\n\t\t\t\t<div class=\"elementor-widget-container\">\n\t\t\t\t\t<h5 class=\"elementor-heading-title elementor-size-default\"> L\u00ednea Humanitaria y Social<\/h5>\t\t\t\t<\/div>\n\t\t\t\t<\/div>\n\t\t\t\t<div class=\"elementor-element elementor-element-65cc9162 elementor-widget elementor-widget-elementskit-faq\" data-id=\"65cc9162\" data-element_type=\"widget\" data-widget_type=\"elementskit-faq.default\">\n\t\t\t\t<div class=\"elementor-widget-container\">\n\t\t\t\t\t<div class=\"ekit-wid-con\" >\n                <div class=\"elementskit-single-faq elementor-repeater-item-a8946fb\">\n            <div class=\"elementskit-faq-header\">\n                <h2 class=\"elementskit-faq-title\">\u201cQuien sea feliz tambi\u00e9n har\u00e1 feliz a otros\u201d Anne Frank.<\/h2>\n            <\/div>\n            <div class=\"elementskit-faq-body\">\n                Como su nombre lo indica es la l\u00ednea pensada en buscar y brindar herramientas de\nformaci\u00f3n y apoyo a grupos espec\u00edficos, que necesitan de una oportunidad laboral para\ntener una calidad de vida y vivir dignamente dentro de la sociedad. Durante la\ninvestigaci\u00f3n nos dimos cuenta que hay muchas limitaciones para los j\u00f3venes que no\ntienen un estudio superior y, aun as\u00ed, cumplan con el estudio superior no es suficiente\ndebido al exceso de requisitos en el \u00e1rea laboral actual, cada vez son m\u00e1s extensos y, de\nla misma manera, cada d\u00eda hay m\u00e1s personas que no cumplen con estos, en las madres\ncabeza de hogar encontramos que el factor tiempo es el problema principal para la\ncontrataci\u00f3n de un empleo formal; por ende decidimos enfocarnos en proyectos\nespec\u00edficos para buscar una posible soluci\u00f3n a estas problem\u00e1ticas.            <\/div>\n        <\/div>\n                \n    <\/div>\t\t\t\t<\/div>\n\t\t\t\t<\/div>\n\t\t\t\t\t<\/div>\n\t\t<\/div>\n\t\t\t\t\t<\/div>\n\t\t<\/section>\n\t\t\t\t<section class=\"elementor-section elementor-inner-section elementor-element elementor-element-4db05f1 elementor-section-boxed elementor-section-height-default elementor-section-height-default\" data-id=\"4db05f1\" data-element_type=\"section\" data-settings=\"{&quot;background_background&quot;:&quot;classic&quot;,&quot;mdp_selection_sticky_effect_enable&quot;:false}\">\n\t\t\t\t\t\t<div class=\"elementor-container elementor-column-gap-default\">\n\t\t\t\t\t<div class=\"elementor-column elementor-col-100 elementor-inner-column elementor-element elementor-element-b98241e\" data-id=\"b98241e\" data-element_type=\"column\" data-settings=\"{&quot;mdp_selection_sticky_column_effect_enable&quot;:false}\">\n\t\t\t<div class=\"elementor-widget-wrap elementor-element-populated\">\n\t\t\t\t\t\t<div class=\"elementor-element elementor-element-76222ba elementor-widget elementor-widget-elementskit-faq\" data-id=\"76222ba\" data-element_type=\"widget\" data-widget_type=\"elementskit-faq.default\">\n\t\t\t\t<div class=\"elementor-widget-container\">\n\t\t\t\t\t<div class=\"ekit-wid-con\" >\n                <div class=\"elementskit-single-faq elementor-repeater-item-a8946fb\">\n            <div class=\"elementskit-faq-header\">\n                <h2 class=\"elementskit-faq-title\">PROYECTOS PRINCIPALES<\/h2>\n            <\/div>\n            <div class=\"elementskit-faq-body\">\n                 BOTONES ROSA: Proyecto dirigido a madres cabeza de hogar.<br><br>\n \u00c1RBOL ROJO: Proyecto social para obras y ayudas humanitarias.<br> <br>\nSEMILLA AMARILLA: Proyecto dirigido a j\u00f3venes que necesitan formaci\u00f3n y capacitaci\u00f3n para activarse laboralmente.<br>            <\/div>\n        <\/div>\n                \n    <\/div>\t\t\t\t<\/div>\n\t\t\t\t<\/div>\n\t\t\t\t\t<\/div>\n\t\t<\/div>\n\t\t\t\t\t<\/div>\n\t\t<\/section>\n\t\t\t\t\t<\/div>\n\t\t<\/div>\n\t\t\t\t\t<\/div>\n\t\t<\/section>\n\t\t\t\t<\/div>\n\t\t","protected":false},"excerpt":{"rendered":"<p>HOJAS EN BLANCO L\u00ednea Humanitaria y Social \u201cQuien sea feliz tambi\u00e9n har\u00e1 feliz a otros\u201d Anne Frank. Como su nombre lo indica es la l\u00ednea pensada en buscar y brindar herramientas de formaci\u00f3n y apoyo a grupos espec\u00edficos, que necesitan de una oportunidad laboral para tener una calidad de vida y vivir dignamente dentro de [&hellip;]<\/p>\n","protected":false},"author":1,"featured_media":0,"parent":0,"menu_order":0,"comment_status":"closed","ping_status":"closed","template":"elementor_header_footer","meta":{"_et_pb_use_builder":"","_et_pb_old_content":"","_et_gb_content_width":"","_joinchat":[],"footnotes":""},"class_list":["post-244","page","type-page","status-publish","hentry"],"_links":{"self":[{"href":"https:\/\/fundacionredcolores.org\/index.php\/wp-json\/wp\/v2\/pages\/244","targetHints":{"allow":["GET"]}}],"collection":[{"href":"https:\/\/fundacionredcolores.org\/index.php\/wp-json\/wp\/v2\/pages"}],"about":[{"href":"https:\/\/fundacionredcolores.org\/index.php\/wp-json\/wp\/v2\/types\/page"}],"author":[{"embeddable":true,"href":"https:\/\/fundacionredcolores.org\/index.php\/wp-json\/wp\/v2\/users\/1"}],"replies":[{"embeddable":true,"href":"https:\/\/fundacionredcolores.org\/index.php\/wp-json\/wp\/v2\/comments?post=244"}],"version-history":[{"count":36,"href":"https:\/\/fundacionredcolores.org\/index.php\/wp-json\/wp\/v2\/pages\/244\/revisions"}],"predecessor-version":[{"id":428,"href":"https:\/\/fundacionredcolores.org\/index.php\/wp-json\/wp\/v2\/pages\/244\/revisions\/428"}],"wp:attachment":[{"href":"https:\/\/fundacionredcolores.org\/index.php\/wp-json\/wp\/v2\/media?parent=244"}],"curies":[{"name":"wp","href":"https:\/\/api.w.org\/{rel}","templated":true}]}}